{"id":7331,"date":"2024-09-17T11:26:57","date_gmt":"2024-09-17T11:26:57","guid":{"rendered":"https:\/\/konaci.auksys.eu\/?page_id=7331"},"modified":"2024-10-11T09:25:26","modified_gmt":"2024-10-11T09:25:26","slug":"thank-you","status":"publish","type":"page","link":"https:\/\/equestrian.auksys.com\/index.php\/thank-you\/","title":{"rendered":"Thank you"},"content":{"rendered":"\t\t<div data-elementor-type=\"wp-page\" data-elementor-id=\"7331\" class=\"elementor elementor-7331\" data-elementor-post-type=\"page\">\n\t\t\t\t<div class=\"elementor-element elementor-element-9809a47 e-flex e-con-boxed e-con e-parent\" data-id=\"9809a47\" data-element_type=\"container\">\n\t\t\t\t\t<div class=\"e-con-inner\">\n\t\t\t\t<div class=\"elementor-element elementor-element-f58af68 elementor-widget elementor-widget-heading\" data-id=\"f58af68\" data-element_type=\"widget\" data-widget_type=\"heading.default\">\n\t\t\t\t<div class=\"elementor-widget-container\">\n\t\t\t<style>\/*! elementor - v3.21.0 - 30-04-2024 *\/\n.elementor-heading-title{padding:0;margin:0;line-height:1}.elementor-widget-heading .elementor-heading-title[class*=elementor-size-]>a{color:inherit;font-size:inherit;line-height:inherit}.elementor-widget-heading .elementor-heading-title.elementor-size-small{font-size:15px}.elementor-widget-heading .elementor-heading-title.elementor-size-medium{font-size:19px}.elementor-widget-heading .elementor-heading-title.elementor-size-large{font-size:29px}.elementor-widget-heading .elementor-heading-title.elementor-size-xl{font-size:39px}.elementor-widget-heading .elementor-heading-title.elementor-size-xxl{font-size:59px}<\/style><h2 class=\"elementor-heading-title elementor-size-default\">D\u011bkujeme za vypln\u011bn\u00ed kontaktn\u00edho formul\u00e1\u0159e.\n<\/h2>\t\t<\/div>\n\t\t\t\t<\/div>\n\t\t\t\t<div class=\"elementor-element elementor-element-123d800 elementor-widget elementor-widget-text-editor\" data-id=\"123d800\" data-element_type=\"widget\" data-widget_type=\"text-editor.default\">\n\t\t\t\t<div class=\"elementor-widget-container\">\n\t\t\t<style>\/*! elementor - v3.21.0 - 30-04-2024 *\/\n.elementor-widget-text-editor.elementor-drop-cap-view-stacked .elementor-drop-cap{background-color:#69727d;color:#fff}.elementor-widget-text-editor.elementor-drop-cap-view-framed .elementor-drop-cap{color:#69727d;border:3px solid;background-color:transparent}.elementor-widget-text-editor:not(.elementor-drop-cap-view-default) .elementor-drop-cap{margin-top:8px}.elementor-widget-text-editor:not(.elementor-drop-cap-view-default) .elementor-drop-cap-letter{width:1em;height:1em}.elementor-widget-text-editor .elementor-drop-cap{float:left;text-align:center;line-height:1;font-size:50px}.elementor-widget-text-editor .elementor-drop-cap-letter{display:inline-block}<\/style>\t\t\t\t<p>Jeden z \u010dlen\u016f t\u00fdmu Auksys se V\u00e1m co nejd\u0159\u00edve ozve ohledn\u011b dal\u0161\u00edho postupu.\u00a0<\/p>\t\t\t\t\t\t<\/div>\n\t\t\t\t<\/div>\n\t\t\t\t\t<\/div>\n\t\t\t\t<\/div>\n\t\t\t\t<\/div>\n\t\t","protected":false},"excerpt":{"rendered":"<p>D\u011bkujeme za vypln\u011bn\u00ed kontaktn\u00edho formul\u00e1\u0159e. Jeden z \u010dlen\u016f t\u00fdmu Auksys se V\u00e1m co nejd\u0159\u00edve ozve ohledn\u011b dal\u0161\u00edho postupu.\u00a0<\/p>\n","protected":false},"author":2,"featured_media":0,"parent":0,"menu_order":0,"comment_status":"closed","ping_status":"closed","template":"","meta":{"footnotes":""},"class_list":["post-7331","page","type-page","status-publish","hentry"],"_links":{"self":[{"href":"https:\/\/equestrian.auksys.com\/index.php\/wp-json\/wp\/v2\/pages\/7331","targetHints":{"allow":["GET"]}}],"collection":[{"href":"https:\/\/equestrian.auksys.com\/index.php\/wp-json\/wp\/v2\/pages"}],"about":[{"href":"https:\/\/equestrian.auksys.com\/index.php\/wp-json\/wp\/v2\/types\/page"}],"author":[{"embeddable":true,"href":"https:\/\/equestrian.auksys.com\/index.php\/wp-json\/wp\/v2\/users\/2"}],"replies":[{"embeddable":true,"href":"https:\/\/equestrian.auksys.com\/index.php\/wp-json\/wp\/v2\/comments?post=7331"}],"version-history":[{"count":10,"href":"https:\/\/equestrian.auksys.com\/index.php\/wp-json\/wp\/v2\/pages\/7331\/revisions"}],"predecessor-version":[{"id":7353,"href":"https:\/\/equestrian.auksys.com\/index.php\/wp-json\/wp\/v2\/pages\/7331\/revisions\/7353"}],"wp:attachment":[{"href":"https:\/\/equestrian.auksys.com\/index.php\/wp-json\/wp\/v2\/media?parent=7331"}],"curies":[{"name":"wp","href":"https:\/\/api.w.org\/{rel}","templated":true}]}}