{"id":6146,"date":"2024-06-28T14:20:43","date_gmt":"2024-06-28T14:20:43","guid":{"rendered":"https:\/\/develop.produktovy.auksys.eu\/?page_id=6146"},"modified":"2024-08-28T14:23:07","modified_gmt":"2024-08-28T14:23:07","slug":"digitalni-marketing","status":"publish","type":"page","link":"https:\/\/equestrian.auksys.com\/index.php\/digitalni-marketing\/","title":{"rendered":"Portfolio digit\u00e1ln\u00ed marketing"},"content":{"rendered":"\t\t<div data-elementor-type=\"wp-page\" data-elementor-id=\"6146\" class=\"elementor elementor-6146\" data-elementor-post-type=\"page\">\n\t\t\t\t\t\t<section class=\"elementor-section elementor-top-section elementor-element elementor-element-dd247bf ot-traditional elementor-section-boxed elementor-section-height-default elementor-section-height-default\" data-id=\"dd247bf\" data-element_type=\"section\">\n\t\t\t\t\t\t<div class=\"elementor-container elementor-column-gap-default\">\n\t\t\t\t\t<div class=\"elementor-column elementor-col-100 elementor-top-column elementor-element elementor-element-1f4e0cb ot-flex-column-vertical\" data-id=\"1f4e0cb\" data-element_type=\"column\">\n\t\t\t<div class=\"elementor-widget-wrap elementor-element-populated\">\n\t\t\t\t\t\t<div class=\"elementor-element elementor-element-cd09ac1 elementor-widget elementor-widget-iheading\" data-id=\"cd09ac1\" data-element_type=\"widget\" data-widget_type=\"iheading.default\">\n\t\t\t\t<div class=\"elementor-widget-container\">\n\t\t\t\t\t<div class=\"ot-heading\">\r\n\t        \t            <span>\/\/ Na\u0161e produkty<\/span>\r\n\t        <h2 class=\"main-heading\">Digit\u00e1ln\u00ed marketing<\/h2>\t    <\/div>\r\n\t    \t\t<\/div>\n\t\t\t\t<\/div>\n\t\t\t\t<div class=\"elementor-element elementor-element-27b73fe elementor-widget elementor-widget-text-editor\" data-id=\"27b73fe\" data-element_type=\"widget\" data-widget_type=\"text-editor.default\">\n\t\t\t\t<div class=\"elementor-widget-container\">\n\t\t\t<style>\/*! elementor - v3.21.0 - 30-04-2024 *\/\n.elementor-widget-text-editor.elementor-drop-cap-view-stacked .elementor-drop-cap{background-color:#69727d;color:#fff}.elementor-widget-text-editor.elementor-drop-cap-view-framed .elementor-drop-cap{color:#69727d;border:3px solid;background-color:transparent}.elementor-widget-text-editor:not(.elementor-drop-cap-view-default) .elementor-drop-cap{margin-top:8px}.elementor-widget-text-editor:not(.elementor-drop-cap-view-default) .elementor-drop-cap-letter{width:1em;height:1em}.elementor-widget-text-editor .elementor-drop-cap{float:left;text-align:center;line-height:1;font-size:50px}.elementor-widget-text-editor .elementor-drop-cap-letter{display:inline-block}<\/style>\t\t\t\t<p>Chcete svou zna\u010dku posunout o krok d\u00e1l? Spojte se s n\u00e1mi! R\u00e1di v\u00e1m porad\u00edme a navrhneme postup \u0161it\u00fd na m\u00edru va\u0161im pot\u0159eb\u00e1m. A\u0165 u\u017e se jedn\u00e1 o kampan\u011b, prezentace na soci\u00e1ln\u00edch s\u00edt\u00edch nebo kompletn\u00ed branding. Jsme zde, abychom v\u00e1m pomohli s vytv\u00e1\u0159en\u00edm efektivn\u00edch marketingov\u00fdch kampan\u00ed a budov\u00e1n\u00edm siln\u00e9 brand identity. Na\u0161e slu\u017eby jsou p\u0159izp\u016fsobeny va\u0161im specifick\u00fdm pot\u0159eb\u00e1m a mo\u017enostem, abychom v\u00e1m poskytli \u0159e\u0161en\u00ed na m\u00edru, kter\u00e9 skute\u010dn\u011b funguje. A\u0165 u\u017e hled\u00e1te kr\u00e1tkodobou kampa\u0148 nebo kompletn\u00ed tvorbu va\u0161\u00ed zna\u010dky, jsme p\u0159ipraveni v\u00e1m poskytnout osobn\u00ed p\u0159\u00edstup a profesion\u00e1ln\u00ed v\u00fdsledky. Dovolte n\u00e1m pomoci v\u00e1m r\u016fst a usp\u011bt v dne\u0161n\u00edm konkuren\u010dn\u00edm prost\u0159ed\u00ed.<\/p>\t\t\t\t\t\t<\/div>\n\t\t\t\t<\/div>\n\t\t\t\t<div class=\"elementor-element elementor-element-52770ed elementor-invisible elementor-widget elementor-widget-ipfilter\" data-id=\"52770ed\" data-element_type=\"widget\" data-settings=\"{&quot;_animation&quot;:&quot;fadeInDown&quot;}\" data-widget_type=\"ipfilter.default\">\n\t\t\t\t<div class=\"elementor-widget-container\">\n\t\t\t\r\n\t\t<div class=\"project-filter-wrapper\">\r\n\t        \r\n\t        <div class=\"projects-grid projects-style-1\">\r\n\t        \t\r\n\t            \r\n\t            \t<div class=\"project-item category-21 \">\r\n\t\t\t\t\t\t<div class=\"projects-box\">\r\n\t\t\t\t\t\t\t<div class=\"projects-thumbnail\">\r\n\t\t\t\t\t\t\t\t<a href=\"https:\/\/equestrian.auksys.com\/index.php\/portfolio\/brand-identity\/\">\r\n\t\t\t\t\t\t\t\t\t<img fetchpriority=\"high\" decoding=\"async\" width=\"720\" height=\"720\" src=\"https:\/\/equestrian.auksys.com\/wp-content\/uploads\/2019\/11\/project11-720x720.jpg\" class=\"attachment-engitech-portfolio-thumbnail-grid size-engitech-portfolio-thumbnail-grid wp-post-image\" alt=\"\" srcset=\"https:\/\/equestrian.auksys.com\/wp-content\/uploads\/2019\/11\/project11-720x720.jpg 720w, https:\/\/equestrian.auksys.com\/wp-content\/uploads\/2019\/11\/project11-150x150.jpg 150w\" sizes=\"(max-width: 720px) 100vw, 720px\" \/>\t\t\t\t\t\t\t\t<\/a>\r\n\t\t\t\t\t\t\t<\/div>\r\n\t\t\t\t\t\t\t<div class=\"portfolio-info \">\r\n\t\t\t\t\t\t\t\t<a class=\"overlay\" href=\"https:\/\/equestrian.auksys.com\/index.php\/portfolio\/brand-identity\/\"><\/a>\t\t\t\t\t\t\t\t<div class=\"portfolio-info-inner\">\r\n\t\t\t\t\t\t\t\t\t<h5><a href=\"https:\/\/equestrian.auksys.com\/index.php\/portfolio\/brand-identity\/\">Brand Identity<\/a><\/h5>\r\n\t\t\t\t\t\t\t\t\t \r\n\t\t\t\t\t\t\t\t<\/div>\r\n\t\t\t\t\t\t\t<\/div>\r\n\t\t\t\t\t\t<\/div>\r\n\t\t\t\t\t<\/div>\r\n\r\n\t            \r\n\t            \t<div class=\"project-item category-21 \">\r\n\t\t\t\t\t\t<div class=\"projects-box\">\r\n\t\t\t\t\t\t\t<div class=\"projects-thumbnail\">\r\n\t\t\t\t\t\t\t\t<a href=\"https:\/\/equestrian.auksys.com\/index.php\/portfolio\/kratkodobe-kampane\/\">\r\n\t\t\t\t\t\t\t\t\t<img decoding=\"async\" width=\"720\" height=\"720\" src=\"https:\/\/equestrian.auksys.com\/wp-content\/uploads\/2019\/11\/project12-720x720.jpg\" class=\"attachment-engitech-portfolio-thumbnail-grid size-engitech-portfolio-thumbnail-grid wp-post-image\" alt=\"\" srcset=\"https:\/\/equestrian.auksys.com\/wp-content\/uploads\/2019\/11\/project12-720x720.jpg 720w, https:\/\/equestrian.auksys.com\/wp-content\/uploads\/2019\/11\/project12-150x150.jpg 150w\" sizes=\"(max-width: 720px) 100vw, 720px\" \/>\t\t\t\t\t\t\t\t<\/a>\r\n\t\t\t\t\t\t\t<\/div>\r\n\t\t\t\t\t\t\t<div class=\"portfolio-info \">\r\n\t\t\t\t\t\t\t\t<a class=\"overlay\" href=\"https:\/\/equestrian.auksys.com\/index.php\/portfolio\/kratkodobe-kampane\/\"><\/a>\t\t\t\t\t\t\t\t<div class=\"portfolio-info-inner\">\r\n\t\t\t\t\t\t\t\t\t<h5><a href=\"https:\/\/equestrian.auksys.com\/index.php\/portfolio\/kratkodobe-kampane\/\">Kr\u00e1tkodob\u00e9 kampan\u011b<\/a><\/h5>\r\n\t\t\t\t\t\t\t\t\t \r\n\t\t\t\t\t\t\t\t<\/div>\r\n\t\t\t\t\t\t\t<\/div>\r\n\t\t\t\t\t\t<\/div>\r\n\t\t\t\t\t<\/div>\r\n\r\n\t            \t        <\/div>\r\n\t    <\/div>\r\n\r\n\t    \t\t<\/div>\n\t\t\t\t<\/div>\n\t\t\t\t\t<\/div>\n\t\t<\/div>\n\t\t\t\t\t<\/div>\n\t\t<\/section>\n\t\t\t\t<\/div>\n\t\t","protected":false},"excerpt":{"rendered":"<p>\/\/ Na\u0161e produkty Digit\u00e1ln\u00ed marketing Chcete svou zna\u010dku posunout o krok d\u00e1l? Spojte se s n\u00e1mi! R\u00e1di v\u00e1m porad\u00edme a navrhneme postup \u0161it\u00fd na m\u00edru va\u0161im pot\u0159eb\u00e1m. A\u0165 u\u017e se jedn\u00e1 o kampan\u011b, prezentace na soci\u00e1ln\u00edch s\u00edt\u00edch nebo kompletn\u00ed branding. Jsme zde, abychom v\u00e1m pomohli s vytv\u00e1\u0159en\u00edm efektivn\u00edch marketingov\u00fdch kampan\u00ed a budov\u00e1n\u00edm siln\u00e9 brand identity. [&hellip;]<\/p>\n","protected":false},"author":2,"featured_media":0,"parent":0,"menu_order":0,"comment_status":"closed","ping_status":"closed","template":"","meta":{"footnotes":""},"class_list":["post-6146","page","type-page","status-publish","hentry"],"_links":{"self":[{"href":"https:\/\/equestrian.auksys.com\/index.php\/wp-json\/wp\/v2\/pages\/6146","targetHints":{"allow":["GET"]}}],"collection":[{"href":"https:\/\/equestrian.auksys.com\/index.php\/wp-json\/wp\/v2\/pages"}],"about":[{"href":"https:\/\/equestrian.auksys.com\/index.php\/wp-json\/wp\/v2\/types\/page"}],"author":[{"embeddable":true,"href":"https:\/\/equestrian.auksys.com\/index.php\/wp-json\/wp\/v2\/users\/2"}],"replies":[{"embeddable":true,"href":"https:\/\/equestrian.auksys.com\/index.php\/wp-json\/wp\/v2\/comments?post=6146"}],"version-history":[{"count":19,"href":"https:\/\/equestrian.auksys.com\/index.php\/wp-json\/wp\/v2\/pages\/6146\/revisions"}],"predecessor-version":[{"id":7238,"href":"https:\/\/equestrian.auksys.com\/index.php\/wp-json\/wp\/v2\/pages\/6146\/revisions\/7238"}],"wp:attachment":[{"href":"https:\/\/equestrian.auksys.com\/index.php\/wp-json\/wp\/v2\/media?parent=6146"}],"curies":[{"name":"wp","href":"https:\/\/api.w.org\/{rel}","templated":true}]}}