{"id":6130,"date":"2024-06-27T14:02:03","date_gmt":"2024-06-27T14:02:03","guid":{"rendered":"https:\/\/develop.produktovy.auksys.eu\/?page_id=6130"},"modified":"2024-08-28T14:22:30","modified_gmt":"2024-08-28T14:22:30","slug":"portfolio-aplikace","status":"publish","type":"page","link":"https:\/\/equestrian.auksys.com\/index.php\/portfolio-aplikace\/","title":{"rendered":"Portfolio aplikace"},"content":{"rendered":"\t\t<div data-elementor-type=\"wp-page\" data-elementor-id=\"6130\" class=\"elementor elementor-6130\" data-elementor-post-type=\"page\">\n\t\t\t\t\t\t<section class=\"elementor-section elementor-top-section elementor-element elementor-element-dd247bf ot-traditional elementor-section-boxed elementor-section-height-default elementor-section-height-default\" data-id=\"dd247bf\" data-element_type=\"section\">\n\t\t\t\t\t\t<div class=\"elementor-container elementor-column-gap-default\">\n\t\t\t\t\t<div class=\"elementor-column elementor-col-100 elementor-top-column elementor-element elementor-element-1f4e0cb ot-flex-column-vertical\" data-id=\"1f4e0cb\" data-element_type=\"column\">\n\t\t\t<div class=\"elementor-widget-wrap elementor-element-populated\">\n\t\t\t\t\t\t<div class=\"elementor-element elementor-element-cd09ac1 elementor-widget elementor-widget-iheading\" data-id=\"cd09ac1\" data-element_type=\"widget\" data-widget_type=\"iheading.default\">\n\t\t\t\t<div class=\"elementor-widget-container\">\n\t\t\t\t\t<div class=\"ot-heading\">\r\n\t        \t            <span>\/\/ Web \/\/<\/span>\r\n\t        <h2 class=\"main-heading\">Webov\u00e1 aplikace<\/h2>\t    <\/div>\r\n\t    \t\t<\/div>\n\t\t\t\t<\/div>\n\t\t\t\t<div class=\"elementor-element elementor-element-27b73fe elementor-widget elementor-widget-text-editor\" data-id=\"27b73fe\" data-element_type=\"widget\" data-widget_type=\"text-editor.default\">\n\t\t\t\t<div class=\"elementor-widget-container\">\n\t\t\t<style>\/*! elementor - v3.21.0 - 30-04-2024 *\/\n.elementor-widget-text-editor.elementor-drop-cap-view-stacked .elementor-drop-cap{background-color:#69727d;color:#fff}.elementor-widget-text-editor.elementor-drop-cap-view-framed .elementor-drop-cap{color:#69727d;border:3px solid;background-color:transparent}.elementor-widget-text-editor:not(.elementor-drop-cap-view-default) .elementor-drop-cap{margin-top:8px}.elementor-widget-text-editor:not(.elementor-drop-cap-view-default) .elementor-drop-cap-letter{width:1em;height:1em}.elementor-widget-text-editor .elementor-drop-cap{float:left;text-align:center;line-height:1;font-size:50px}.elementor-widget-text-editor .elementor-drop-cap-letter{display:inline-block}<\/style>\t\t\t\t<div class=\"flex flex-grow flex-col max-w-full\"><div class=\"min-h-[20px] text-message flex flex-col items-start whitespace-pre-wrap break-words [.text-message+&amp;]:mt-5 juice:w-full juice:items-end overflow-x-auto gap-2\" dir=\"auto\" data-message-author-role=\"assistant\" data-message-id=\"ee7c3c82-20db-4aa2-b092-7fa5fed612e2\"><div class=\"flex w-full flex-col gap-1 juice:empty:hidden juice:first:pt-[3px]\"><div class=\"markdown prose w-full break-words dark:prose-invert light\"><p>Na\u0161e webov\u00e1 aplikace je navr\u017eena tak, aby v\u00e1m usnadnila pr\u00e1ci prost\u0159ednictv\u00edm n\u011bkolika modul\u016f, kter\u00e9 jsme pe\u010dliv\u011b vyvinuli s ohledem na r\u016fzn\u00e9 pot\u0159eby jednotliv\u00fdch center. Rozum\u00edme, \u017ee ka\u017ed\u00e9 centrum je jin\u00e9 a m\u00e1 sv\u00e9 specifick\u00e9 po\u017eadavky, proto na\u0161e aplikace nab\u00edz\u00ed \u0161irokou \u0161k\u00e1lu funkc\u00ed, kter\u00e9 lze p\u0159izp\u016fsobit p\u0159esn\u011b va\u0161im pot\u0159eb\u00e1m.\u00a0<\/p><p>N\u00e1\u0161 syst\u00e9m je napojen\u00fd na webov\u00e9 rozhran\u00ed. P\u0159edplatn\u00e9 se tak poj\u00ed s jedn\u00edm z mo\u017en\u00fdch \u0159e\u0161en\u00ed syst\u00e9mu a webov\u00fdch str\u00e1nek. Jednotliv\u00e1 \u0159e\u0161en\u00ed lze nal\u00e9zt v cen\u00edku.<\/p><\/div><\/div><\/div><\/div>\t\t\t\t\t\t<\/div>\n\t\t\t\t<\/div>\n\t\t\t\t<div class=\"elementor-element elementor-element-52770ed elementor-invisible elementor-widget elementor-widget-ipfilter\" data-id=\"52770ed\" data-element_type=\"widget\" data-settings=\"{&quot;_animation&quot;:&quot;fadeInDown&quot;}\" data-widget_type=\"ipfilter.default\">\n\t\t\t\t<div class=\"elementor-widget-container\">\n\t\t\t\r\n\t\t<div class=\"project-filter-wrapper\">\r\n\t        \r\n\t        <div class=\"projects-grid projects-style-1 pf_4_cols\">\r\n\t        \t\r\n\t            \r\n\t            \t<div class=\"project-item category-14 \">\r\n\t\t\t\t\t\t<div class=\"projects-box\">\r\n\t\t\t\t\t\t\t<div class=\"projects-thumbnail\">\r\n\t\t\t\t\t\t\t\t<a href=\"https:\/\/equestrian.auksys.com\/index.php\/portfolio\/attendance\/\">\r\n\t\t\t\t\t\t\t\t\t<img fetchpriority=\"high\" decoding=\"async\" width=\"720\" height=\"720\" src=\"https:\/\/equestrian.auksys.com\/wp-content\/uploads\/2019\/11\/olena-bohovyk-dIMJWLx1YbE-unsplash-720x720.jpg\" class=\"attachment-engitech-portfolio-thumbnail-grid size-engitech-portfolio-thumbnail-grid wp-post-image\" alt=\"\" srcset=\"https:\/\/equestrian.auksys.com\/wp-content\/uploads\/2019\/11\/olena-bohovyk-dIMJWLx1YbE-unsplash-720x720.jpg 720w, https:\/\/equestrian.auksys.com\/wp-content\/uploads\/2019\/11\/olena-bohovyk-dIMJWLx1YbE-unsplash-150x150.jpg 150w\" sizes=\"(max-width: 720px) 100vw, 720px\" \/>\t\t\t\t\t\t\t\t<\/a>\r\n\t\t\t\t\t\t\t<\/div>\r\n\t\t\t\t\t\t\t<div class=\"portfolio-info \">\r\n\t\t\t\t\t\t\t\t<a class=\"overlay\" href=\"https:\/\/equestrian.auksys.com\/index.php\/portfolio\/attendance\/\"><\/a>\t\t\t\t\t\t\t\t<div class=\"portfolio-info-inner\">\r\n\t\t\t\t\t\t\t\t\t<h5><a href=\"https:\/\/equestrian.auksys.com\/index.php\/portfolio\/attendance\/\">Doch\u00e1zky kon\u00ed a zam\u011bstnanc\u016f<\/a><\/h5>\r\n\t\t\t\t\t\t\t\t\t \r\n\t\t\t\t\t\t\t\t<\/div>\r\n\t\t\t\t\t\t\t<\/div>\r\n\t\t\t\t\t\t<\/div>\r\n\t\t\t\t\t<\/div>\r\n\r\n\t            \r\n\t            \t<div class=\"project-item category-14 \">\r\n\t\t\t\t\t\t<div class=\"projects-box\">\r\n\t\t\t\t\t\t\t<div class=\"projects-thumbnail\">\r\n\t\t\t\t\t\t\t\t<a href=\"https:\/\/equestrian.auksys.com\/index.php\/portfolio\/reservations\/\">\r\n\t\t\t\t\t\t\t\t\t<img decoding=\"async\" width=\"720\" height=\"720\" src=\"https:\/\/equestrian.auksys.com\/wp-content\/uploads\/2019\/11\/christin-hume-mfB1B1s4sMc-unsplash-720x720.jpg\" class=\"attachment-engitech-portfolio-thumbnail-grid size-engitech-portfolio-thumbnail-grid wp-post-image\" alt=\"\" srcset=\"https:\/\/equestrian.auksys.com\/wp-content\/uploads\/2019\/11\/christin-hume-mfB1B1s4sMc-unsplash-720x720.jpg 720w, https:\/\/equestrian.auksys.com\/wp-content\/uploads\/2019\/11\/christin-hume-mfB1B1s4sMc-unsplash-150x150.jpg 150w\" sizes=\"(max-width: 720px) 100vw, 720px\" \/>\t\t\t\t\t\t\t\t<\/a>\r\n\t\t\t\t\t\t\t<\/div>\r\n\t\t\t\t\t\t\t<div class=\"portfolio-info \">\r\n\t\t\t\t\t\t\t\t<a class=\"overlay\" href=\"https:\/\/equestrian.auksys.com\/index.php\/portfolio\/reservations\/\"><\/a>\t\t\t\t\t\t\t\t<div class=\"portfolio-info-inner\">\r\n\t\t\t\t\t\t\t\t\t<h5><a href=\"https:\/\/equestrian.auksys.com\/index.php\/portfolio\/reservations\/\">Rezervace a omluvy<\/a><\/h5>\r\n\t\t\t\t\t\t\t\t\t \r\n\t\t\t\t\t\t\t\t<\/div>\r\n\t\t\t\t\t\t\t<\/div>\r\n\t\t\t\t\t\t<\/div>\r\n\t\t\t\t\t<\/div>\r\n\r\n\t            \r\n\t            \t<div class=\"project-item category-14 \">\r\n\t\t\t\t\t\t<div class=\"projects-box\">\r\n\t\t\t\t\t\t\t<div class=\"projects-thumbnail\">\r\n\t\t\t\t\t\t\t\t<a href=\"https:\/\/equestrian.auksys.com\/index.php\/portfolio\/fakturacni-modul\/\">\r\n\t\t\t\t\t\t\t\t\t<img decoding=\"async\" width=\"720\" height=\"720\" src=\"https:\/\/equestrian.auksys.com\/wp-content\/uploads\/2019\/11\/bruce-mars-FWVMhUa_wbY-unsplash-720x720.jpg\" class=\"attachment-engitech-portfolio-thumbnail-grid size-engitech-portfolio-thumbnail-grid wp-post-image\" alt=\"\" srcset=\"https:\/\/equestrian.auksys.com\/wp-content\/uploads\/2019\/11\/bruce-mars-FWVMhUa_wbY-unsplash-720x720.jpg 720w, https:\/\/equestrian.auksys.com\/wp-content\/uploads\/2019\/11\/bruce-mars-FWVMhUa_wbY-unsplash-150x150.jpg 150w\" sizes=\"(max-width: 720px) 100vw, 720px\" \/>\t\t\t\t\t\t\t\t<\/a>\r\n\t\t\t\t\t\t\t<\/div>\r\n\t\t\t\t\t\t\t<div class=\"portfolio-info \">\r\n\t\t\t\t\t\t\t\t<a class=\"overlay\" href=\"https:\/\/equestrian.auksys.com\/index.php\/portfolio\/fakturacni-modul\/\"><\/a>\t\t\t\t\t\t\t\t<div class=\"portfolio-info-inner\">\r\n\t\t\t\t\t\t\t\t\t<h5><a href=\"https:\/\/equestrian.auksys.com\/index.php\/portfolio\/fakturacni-modul\/\">Faktura\u010dn\u00ed modul<\/a><\/h5>\r\n\t\t\t\t\t\t\t\t\t \r\n\t\t\t\t\t\t\t\t<\/div>\r\n\t\t\t\t\t\t\t<\/div>\r\n\t\t\t\t\t\t<\/div>\r\n\t\t\t\t\t<\/div>\r\n\r\n\t            \r\n\t            \t<div class=\"project-item category-14 \">\r\n\t\t\t\t\t\t<div class=\"projects-box\">\r\n\t\t\t\t\t\t\t<div class=\"projects-thumbnail\">\r\n\t\t\t\t\t\t\t\t<a href=\"https:\/\/equestrian.auksys.com\/index.php\/portfolio\/packages\/\">\r\n\t\t\t\t\t\t\t\t\t<img loading=\"lazy\" decoding=\"async\" width=\"720\" height=\"720\" src=\"https:\/\/equestrian.auksys.com\/wp-content\/uploads\/2019\/11\/project7-720x720.jpg\" class=\"attachment-engitech-portfolio-thumbnail-grid size-engitech-portfolio-thumbnail-grid wp-post-image\" alt=\"\" srcset=\"https:\/\/equestrian.auksys.com\/wp-content\/uploads\/2019\/11\/project7-720x720.jpg 720w, https:\/\/equestrian.auksys.com\/wp-content\/uploads\/2019\/11\/project7-150x150.jpg 150w\" sizes=\"(max-width: 720px) 100vw, 720px\" \/>\t\t\t\t\t\t\t\t<\/a>\r\n\t\t\t\t\t\t\t<\/div>\r\n\t\t\t\t\t\t\t<div class=\"portfolio-info \">\r\n\t\t\t\t\t\t\t\t<a class=\"overlay\" href=\"https:\/\/equestrian.auksys.com\/index.php\/portfolio\/packages\/\"><\/a>\t\t\t\t\t\t\t\t<div class=\"portfolio-info-inner\">\r\n\t\t\t\t\t\t\t\t\t<h5><a href=\"https:\/\/equestrian.auksys.com\/index.php\/portfolio\/packages\/\">Bal\u00ed\u010dkov\u00e9 objedn\u00e1vky<\/a><\/h5>\r\n\t\t\t\t\t\t\t\t\t \r\n\t\t\t\t\t\t\t\t<\/div>\r\n\t\t\t\t\t\t\t<\/div>\r\n\t\t\t\t\t\t<\/div>\r\n\t\t\t\t\t<\/div>\r\n\r\n\t            \r\n\t            \t<div class=\"project-item category-14 \">\r\n\t\t\t\t\t\t<div class=\"projects-box\">\r\n\t\t\t\t\t\t\t<div class=\"projects-thumbnail\">\r\n\t\t\t\t\t\t\t\t<a href=\"https:\/\/equestrian.auksys.com\/index.php\/portfolio\/calendar\/\">\r\n\t\t\t\t\t\t\t\t\t<img loading=\"lazy\" decoding=\"async\" width=\"720\" height=\"720\" src=\"https:\/\/equestrian.auksys.com\/wp-content\/uploads\/2019\/11\/project10-720x720.jpg\" class=\"attachment-engitech-portfolio-thumbnail-grid size-engitech-portfolio-thumbnail-grid wp-post-image\" alt=\"\" srcset=\"https:\/\/equestrian.auksys.com\/wp-content\/uploads\/2019\/11\/project10-720x720.jpg 720w, https:\/\/equestrian.auksys.com\/wp-content\/uploads\/2019\/11\/project10-150x150.jpg 150w\" sizes=\"(max-width: 720px) 100vw, 720px\" \/>\t\t\t\t\t\t\t\t<\/a>\r\n\t\t\t\t\t\t\t<\/div>\r\n\t\t\t\t\t\t\t<div class=\"portfolio-info \">\r\n\t\t\t\t\t\t\t\t<a class=\"overlay\" href=\"https:\/\/equestrian.auksys.com\/index.php\/portfolio\/calendar\/\"><\/a>\t\t\t\t\t\t\t\t<div class=\"portfolio-info-inner\">\r\n\t\t\t\t\t\t\t\t\t<h5><a href=\"https:\/\/equestrian.auksys.com\/index.php\/portfolio\/calendar\/\">Online kalend\u00e1\u0159<\/a><\/h5>\r\n\t\t\t\t\t\t\t\t\t \r\n\t\t\t\t\t\t\t\t<\/div>\r\n\t\t\t\t\t\t\t<\/div>\r\n\t\t\t\t\t\t<\/div>\r\n\t\t\t\t\t<\/div>\r\n\r\n\t            \t        <\/div>\r\n\t    <\/div>\r\n\r\n\t    \t\t<\/div>\n\t\t\t\t<\/div>\n\t\t\t\t\t<\/div>\n\t\t<\/div>\n\t\t\t\t\t<\/div>\n\t\t<\/section>\n\t\t\t\t<\/div>\n\t\t","protected":false},"excerpt":{"rendered":"<p>\/\/ Web \/\/ Webov\u00e1 aplikace Na\u0161e webov\u00e1 aplikace je navr\u017eena tak, aby v\u00e1m usnadnila pr\u00e1ci prost\u0159ednictv\u00edm n\u011bkolika modul\u016f, kter\u00e9 jsme pe\u010dliv\u011b vyvinuli s ohledem na r\u016fzn\u00e9 pot\u0159eby jednotliv\u00fdch center. Rozum\u00edme, \u017ee ka\u017ed\u00e9 centrum je jin\u00e9 a m\u00e1 sv\u00e9 specifick\u00e9 po\u017eadavky, proto na\u0161e aplikace nab\u00edz\u00ed \u0161irokou \u0161k\u00e1lu funkc\u00ed, kter\u00e9 lze p\u0159izp\u016fsobit p\u0159esn\u011b va\u0161im pot\u0159eb\u00e1m.\u00a0 N\u00e1\u0161 syst\u00e9m [&hellip;]<\/p>\n","protected":false},"author":2,"featured_media":0,"parent":0,"menu_order":0,"comment_status":"closed","ping_status":"closed","template":"","meta":{"footnotes":""},"class_list":["post-6130","page","type-page","status-publish","hentry"],"_links":{"self":[{"href":"https:\/\/equestrian.auksys.com\/index.php\/wp-json\/wp\/v2\/pages\/6130","targetHints":{"allow":["GET"]}}],"collection":[{"href":"https:\/\/equestrian.auksys.com\/index.php\/wp-json\/wp\/v2\/pages"}],"about":[{"href":"https:\/\/equestrian.auksys.com\/index.php\/wp-json\/wp\/v2\/types\/page"}],"author":[{"embeddable":true,"href":"https:\/\/equestrian.auksys.com\/index.php\/wp-json\/wp\/v2\/users\/2"}],"replies":[{"embeddable":true,"href":"https:\/\/equestrian.auksys.com\/index.php\/wp-json\/wp\/v2\/comments?post=6130"}],"version-history":[{"count":25,"href":"https:\/\/equestrian.auksys.com\/index.php\/wp-json\/wp\/v2\/pages\/6130\/revisions"}],"predecessor-version":[{"id":7232,"href":"https:\/\/equestrian.auksys.com\/index.php\/wp-json\/wp\/v2\/pages\/6130\/revisions\/7232"}],"wp:attachment":[{"href":"https:\/\/equestrian.auksys.com\/index.php\/wp-json\/wp\/v2\/media?parent=6130"}],"curies":[{"name":"wp","href":"https:\/\/api.w.org\/{rel}","templated":true}]}}