{"id":6120,"date":"2024-06-27T13:59:24","date_gmt":"2024-06-27T13:59:24","guid":{"rendered":"https:\/\/develop.produktovy.auksys.eu\/?page_id=6120"},"modified":"2024-08-28T14:22:38","modified_gmt":"2024-08-28T14:22:38","slug":"web","status":"publish","type":"page","link":"https:\/\/equestrian.auksys.com\/index.php\/web\/","title":{"rendered":"Webov\u00e9 str\u00e1nky"},"content":{"rendered":"\t\t<div data-elementor-type=\"wp-page\" data-elementor-id=\"6120\" class=\"elementor elementor-6120\" data-elementor-post-type=\"page\">\n\t\t\t\t\t\t<section class=\"elementor-section elementor-top-section elementor-element elementor-element-dd247bf ot-traditional elementor-section-boxed elementor-section-height-default elementor-section-height-default\" data-id=\"dd247bf\" data-element_type=\"section\">\n\t\t\t\t\t\t<div class=\"elementor-container elementor-column-gap-default\">\n\t\t\t\t\t<div class=\"elementor-column elementor-col-100 elementor-top-column elementor-element elementor-element-1f4e0cb ot-flex-column-vertical\" data-id=\"1f4e0cb\" data-element_type=\"column\">\n\t\t\t<div class=\"elementor-widget-wrap elementor-element-populated\">\n\t\t\t\t\t\t<div class=\"elementor-element elementor-element-cd09ac1 elementor-widget elementor-widget-iheading\" data-id=\"cd09ac1\" data-element_type=\"widget\" data-widget_type=\"iheading.default\">\n\t\t\t\t<div class=\"elementor-widget-container\">\n\t\t\t\t\t<div class=\"ot-heading\">\r\n\t        \t            <span>\/\/ Na\u0161e produkty<\/span>\r\n\t        <h2 class=\"main-heading\">Webov\u00e9 str\u00e1nky<\/h2>\t    <\/div>\r\n\t    \t\t<\/div>\n\t\t\t\t<\/div>\n\t\t\t\t<div class=\"elementor-element elementor-element-27b73fe elementor-widget elementor-widget-text-editor\" data-id=\"27b73fe\" data-element_type=\"widget\" data-widget_type=\"text-editor.default\">\n\t\t\t\t<div class=\"elementor-widget-container\">\n\t\t\t<style>\/*! elementor - v3.21.0 - 30-04-2024 *\/\n.elementor-widget-text-editor.elementor-drop-cap-view-stacked .elementor-drop-cap{background-color:#69727d;color:#fff}.elementor-widget-text-editor.elementor-drop-cap-view-framed .elementor-drop-cap{color:#69727d;border:3px solid;background-color:transparent}.elementor-widget-text-editor:not(.elementor-drop-cap-view-default) .elementor-drop-cap{margin-top:8px}.elementor-widget-text-editor:not(.elementor-drop-cap-view-default) .elementor-drop-cap-letter{width:1em;height:1em}.elementor-widget-text-editor .elementor-drop-cap{float:left;text-align:center;line-height:1;font-size:50px}.elementor-widget-text-editor .elementor-drop-cap-letter{display:inline-block}<\/style>\t\t\t\t<p>N\u00e1\u0161 syst\u00e9m jsme integrovali s webov\u00fdmi str\u00e1nkami, co\u017e umo\u017e\u0148uje va\u0161im klient\u016fm snadno a rychle rezervovat si lekce ze zakoupen\u00fdch bal\u00ed\u010dk\u016f p\u0159\u00edmo v kalend\u00e1\u0159i v u\u017eivatelsk\u00e9m rozhran\u00ed webov\u00fdch str\u00e1nek. \u00a0<\/p><p>Pokud p\u0159em\u00fd\u0161l\u00edte o nov\u00fdch webov\u00fdch str\u00e1nk\u00e1ch, nab\u00edz\u00edme v\u00e1m \u0161ablonu Auksys, kter\u00e1 je pln\u011b propojena s na\u0161\u00edm syst\u00e9mem Auksys. Str\u00e1nky si m\u016f\u017eete vytvo\u0159it sami, a my v\u00e1m pom\u016f\u017eeme s dokon\u010den\u00edm v\u0161ech pot\u0159ebn\u00fdch krok\u016f k propojen\u00ed. Pro ty, kte\u0159\u00ed preferuj\u00ed kompletn\u00ed slu\u017ebu, nab\u00edz\u00edme tvorbu webov\u00fdch str\u00e1nek od A do Z, v\u010detn\u011b pln\u00e9 integrace se syst\u00e9mem Auksys. Pokud jste se sv\u00fdmi sou\u010dasn\u00fdmi str\u00e1nkami spokojeni, poskytujeme mo\u017enost jejich propojen\u00ed s na\u0161\u00edm syst\u00e9mem. Toto napojen\u00ed je v\u017edy p\u0159izp\u016fsobeno grafice a stylu va\u0161eho webu ve spolupr\u00e1ci s v\u00e1mi, aby byl zaji\u0161t\u011bn jednotn\u00fd a profesion\u00e1ln\u00ed vzhled.<\/p><p>V\u017edy v\u00e1m nab\u00edz\u00edme osobn\u00ed p\u0159\u00edstup a konzultace, abychom zajistili maxim\u00e1ln\u011b efektivn\u00ed \u0159e\u0161en\u00ed na m\u00edru va\u0161im pot\u0159eb\u00e1m.<\/p>\t\t\t\t\t\t<\/div>\n\t\t\t\t<\/div>\n\t\t\t\t<div class=\"elementor-element elementor-element-52770ed elementor-invisible elementor-widget elementor-widget-ipfilter\" data-id=\"52770ed\" data-element_type=\"widget\" data-settings=\"{&quot;_animation&quot;:&quot;fadeInDown&quot;}\" data-widget_type=\"ipfilter.default\">\n\t\t\t\t<div class=\"elementor-widget-container\">\n\t\t\t\r\n\t\t<div class=\"project-filter-wrapper\">\r\n\t        \r\n\t        <div class=\"projects-grid projects-style-1 pf_4_cols\">\r\n\t        \t\r\n\t            \r\n\t            \t<div class=\"project-item category-16 \">\r\n\t\t\t\t\t\t<div class=\"projects-box\">\r\n\t\t\t\t\t\t\t<div class=\"projects-thumbnail\">\r\n\t\t\t\t\t\t\t\t<a href=\"https:\/\/equestrian.auksys.com\/index.php\/portfolio\/sablona-auksys\/\">\r\n\t\t\t\t\t\t\t\t\t<img fetchpriority=\"high\" decoding=\"async\" width=\"720\" height=\"720\" src=\"https:\/\/equestrian.auksys.com\/wp-content\/uploads\/2019\/11\/kobu-agency-7okkFhxrxNw-unsplash-1-720x720.jpg\" class=\"attachment-engitech-portfolio-thumbnail-grid size-engitech-portfolio-thumbnail-grid wp-post-image\" alt=\"\" srcset=\"https:\/\/equestrian.auksys.com\/wp-content\/uploads\/2019\/11\/kobu-agency-7okkFhxrxNw-unsplash-1-720x720.jpg 720w, https:\/\/equestrian.auksys.com\/wp-content\/uploads\/2019\/11\/kobu-agency-7okkFhxrxNw-unsplash-1-150x150.jpg 150w\" sizes=\"(max-width: 720px) 100vw, 720px\" \/>\t\t\t\t\t\t\t\t<\/a>\r\n\t\t\t\t\t\t\t<\/div>\r\n\t\t\t\t\t\t\t<div class=\"portfolio-info \">\r\n\t\t\t\t\t\t\t\t<a class=\"overlay\" href=\"https:\/\/equestrian.auksys.com\/index.php\/portfolio\/sablona-auksys\/\"><\/a>\t\t\t\t\t\t\t\t<div class=\"portfolio-info-inner\">\r\n\t\t\t\t\t\t\t\t\t<h5><a href=\"https:\/\/equestrian.auksys.com\/index.php\/portfolio\/sablona-auksys\/\">\u0160ablona Auksys<\/a><\/h5>\r\n\t\t\t\t\t\t\t\t\t \r\n\t\t\t\t\t\t\t\t<\/div>\r\n\t\t\t\t\t\t\t<\/div>\r\n\t\t\t\t\t\t<\/div>\r\n\t\t\t\t\t<\/div>\r\n\r\n\t            \r\n\t            \t<div class=\"project-item category-16 \">\r\n\t\t\t\t\t\t<div class=\"projects-box\">\r\n\t\t\t\t\t\t\t<div class=\"projects-thumbnail\">\r\n\t\t\t\t\t\t\t\t<a href=\"https:\/\/equestrian.auksys.com\/index.php\/portfolio\/napojeni-na-system\/\">\r\n\t\t\t\t\t\t\t\t\t<img decoding=\"async\" width=\"720\" height=\"720\" src=\"https:\/\/equestrian.auksys.com\/wp-content\/uploads\/2019\/11\/domenico-loia-hGV2TfOh0ns-unsplash-720x720.jpg\" class=\"attachment-engitech-portfolio-thumbnail-grid size-engitech-portfolio-thumbnail-grid wp-post-image\" alt=\"\" srcset=\"https:\/\/equestrian.auksys.com\/wp-content\/uploads\/2019\/11\/domenico-loia-hGV2TfOh0ns-unsplash-720x720.jpg 720w, https:\/\/equestrian.auksys.com\/wp-content\/uploads\/2019\/11\/domenico-loia-hGV2TfOh0ns-unsplash-150x150.jpg 150w\" sizes=\"(max-width: 720px) 100vw, 720px\" \/>\t\t\t\t\t\t\t\t<\/a>\r\n\t\t\t\t\t\t\t<\/div>\r\n\t\t\t\t\t\t\t<div class=\"portfolio-info \">\r\n\t\t\t\t\t\t\t\t<a class=\"overlay\" href=\"https:\/\/equestrian.auksys.com\/index.php\/portfolio\/napojeni-na-system\/\"><\/a>\t\t\t\t\t\t\t\t<div class=\"portfolio-info-inner\">\r\n\t\t\t\t\t\t\t\t\t<h5><a href=\"https:\/\/equestrian.auksys.com\/index.php\/portfolio\/napojeni-na-system\/\">Napojen\u00ed na syst\u00e9m<\/a><\/h5>\r\n\t\t\t\t\t\t\t\t\t \r\n\t\t\t\t\t\t\t\t<\/div>\r\n\t\t\t\t\t\t\t<\/div>\r\n\t\t\t\t\t\t<\/div>\r\n\t\t\t\t\t<\/div>\r\n\r\n\t            \r\n\t            \t<div class=\"project-item category-16 \">\r\n\t\t\t\t\t\t<div class=\"projects-box\">\r\n\t\t\t\t\t\t\t<div class=\"projects-thumbnail\">\r\n\t\t\t\t\t\t\t\t<a href=\"https:\/\/equestrian.auksys.com\/index.php\/portfolio\/plny-web\/\">\r\n\t\t\t\t\t\t\t\t\t<img decoding=\"async\" width=\"720\" height=\"720\" src=\"https:\/\/equestrian.auksys.com\/wp-content\/uploads\/2019\/11\/igor-miske-Px3iBXV-4TU-unsplash-720x720.jpg\" class=\"attachment-engitech-portfolio-thumbnail-grid size-engitech-portfolio-thumbnail-grid wp-post-image\" alt=\"\" srcset=\"https:\/\/equestrian.auksys.com\/wp-content\/uploads\/2019\/11\/igor-miske-Px3iBXV-4TU-unsplash-720x720.jpg 720w, https:\/\/equestrian.auksys.com\/wp-content\/uploads\/2019\/11\/igor-miske-Px3iBXV-4TU-unsplash-150x150.jpg 150w\" sizes=\"(max-width: 720px) 100vw, 720px\" \/>\t\t\t\t\t\t\t\t<\/a>\r\n\t\t\t\t\t\t\t<\/div>\r\n\t\t\t\t\t\t\t<div class=\"portfolio-info \">\r\n\t\t\t\t\t\t\t\t<a class=\"overlay\" href=\"https:\/\/equestrian.auksys.com\/index.php\/portfolio\/plny-web\/\"><\/a>\t\t\t\t\t\t\t\t<div class=\"portfolio-info-inner\">\r\n\t\t\t\t\t\t\t\t\t<h5><a href=\"https:\/\/equestrian.auksys.com\/index.php\/portfolio\/plny-web\/\">Pln\u00fd web<\/a><\/h5>\r\n\t\t\t\t\t\t\t\t\t \r\n\t\t\t\t\t\t\t\t<\/div>\r\n\t\t\t\t\t\t\t<\/div>\r\n\t\t\t\t\t\t<\/div>\r\n\t\t\t\t\t<\/div>\r\n\r\n\t            \t        <\/div>\r\n\t    <\/div>\r\n\r\n\t    \t\t<\/div>\n\t\t\t\t<\/div>\n\t\t\t\t\t<\/div>\n\t\t<\/div>\n\t\t\t\t\t<\/div>\n\t\t<\/section>\n\t\t\t\t<\/div>\n\t\t","protected":false},"excerpt":{"rendered":"<p>\/\/ Na\u0161e produkty Webov\u00e9 str\u00e1nky N\u00e1\u0161 syst\u00e9m jsme integrovali s webov\u00fdmi str\u00e1nkami, co\u017e umo\u017e\u0148uje va\u0161im klient\u016fm snadno a rychle rezervovat si lekce ze zakoupen\u00fdch bal\u00ed\u010dk\u016f p\u0159\u00edmo v kalend\u00e1\u0159i v u\u017eivatelsk\u00e9m rozhran\u00ed webov\u00fdch str\u00e1nek. \u00a0 Pokud p\u0159em\u00fd\u0161l\u00edte o nov\u00fdch webov\u00fdch str\u00e1nk\u00e1ch, nab\u00edz\u00edme v\u00e1m \u0161ablonu Auksys, kter\u00e1 je pln\u011b propojena s na\u0161\u00edm syst\u00e9mem Auksys. Str\u00e1nky si m\u016f\u017eete [&hellip;]<\/p>\n","protected":false},"author":2,"featured_media":0,"parent":0,"menu_order":0,"comment_status":"closed","ping_status":"closed","template":"","meta":{"footnotes":""},"class_list":["post-6120","page","type-page","status-publish","hentry"],"_links":{"self":[{"href":"https:\/\/equestrian.auksys.com\/index.php\/wp-json\/wp\/v2\/pages\/6120","targetHints":{"allow":["GET"]}}],"collection":[{"href":"https:\/\/equestrian.auksys.com\/index.php\/wp-json\/wp\/v2\/pages"}],"about":[{"href":"https:\/\/equestrian.auksys.com\/index.php\/wp-json\/wp\/v2\/types\/page"}],"author":[{"embeddable":true,"href":"https:\/\/equestrian.auksys.com\/index.php\/wp-json\/wp\/v2\/users\/2"}],"replies":[{"embeddable":true,"href":"https:\/\/equestrian.auksys.com\/index.php\/wp-json\/wp\/v2\/comments?post=6120"}],"version-history":[{"count":25,"href":"https:\/\/equestrian.auksys.com\/index.php\/wp-json\/wp\/v2\/pages\/6120\/revisions"}],"predecessor-version":[{"id":7235,"href":"https:\/\/equestrian.auksys.com\/index.php\/wp-json\/wp\/v2\/pages\/6120\/revisions\/7235"}],"wp:attachment":[{"href":"https:\/\/equestrian.auksys.com\/index.php\/wp-json\/wp\/v2\/media?parent=6120"}],"curies":[{"name":"wp","href":"https:\/\/api.w.org\/{rel}","templated":true}]}}